{"id":7,"date":"2024-02-07T11:32:04","date_gmt":"2024-02-07T14:32:04","guid":{"rendered":"https:\/\/agencia.baciaspcj.org.br\/institucional2023\/?page_id=7"},"modified":"2024-05-13T17:58:26","modified_gmt":"2024-05-13T20:58:26","slug":"informacoes-institucionais","status":"publish","type":"page","link":"https:\/\/agencia.baciaspcj.org.br\/institucional2023\/informacoes-institucionais\/","title":{"rendered":"Informa\u00e7\u00f5es institucionais"},"content":{"rendered":"<h1>Informa\u00e7\u00f5es institucionais<\/h1>\n<h3>Funda\u00e7\u00e3o Ag\u00eancia das Bacias Hidrogr\u00e1ficas dos Rios Piracicaba, Capivari e Jundia\u00ed &#8211; AG\u00caNCIA DAS BACIAS PCJ\u00b9<\/h3>\n<p><strong>Diretor-presidente:<\/strong> Sergio Razera<br \/>\n<strong>Diretor Administrativo e Financeiro:<\/strong> Ivens de Oliveira<br \/>\n<strong>Diretora T\u00e9cnica:<\/strong> Patr\u00edcia Gobet de Aguiar Barufaldi<br \/>\n<strong>Assessor de Comunica\u00e7\u00e3o:<\/strong> Everton Campos Quiararia<br \/>\n<strong>Coordenador Administrativo:<\/strong> Eduardo Massuh Cury<br \/>\n<strong>Coordenadora de Apoio ao Sistema de Gest\u00e3o dos Recursos H\u00eddricos:<\/strong> Vanessa Cristina Bortolazzo Longato<br \/>\n<strong>Coordenador Financeiro:<\/strong> Tony Douglas Segatto<br \/>\n<strong>Coordenadora de Gest\u00e3o:<\/strong> K\u00e1tia Rossi Gotardi Piccin<br \/>\n<strong>Coordenador de Projetos:<\/strong> Diogo Bernardo Pedrozo<br \/>\n<strong>Coordenador de Sistema de Informa\u00e7\u00f5es:<\/strong> Eduardo Cuoco L\u00e9o<br \/>\n<strong>Analista Administrativa:<\/strong> La\u00efs Maria Spinelli<br \/>\n<strong>Analista T\u00e9cnico:<\/strong> Leonardo Lucas Baumgratz<br \/>\n<strong>Auxiliar T\u00e9cnico:<\/strong> Fabio de Faria Coca<\/p>\n<h3>Colaboradores terceirizados<\/h3>\n<ul>\n<li>Aline Daiane Briques<\/li>\n<li>Aline de F\u00e1tima Rocha Meneses Moura<\/li>\n<li>Aline Ortolani Sebuske<\/li>\n<li>Allan Patrick Campos do Carmo<\/li>\n<li>Ana Beatriz Cruzatto Moraes<\/li>\n<li>Ana Beatriz Sepulveda de Oliveira<\/li>\n<li>Andr\u00e9 Ponce Figols<\/li>\n<li>Bruna Eveline Domingos Petrini<\/li>\n<li>Carolina de Oliveira Silva<\/li>\n<li>Charles Diego da Costa<\/li>\n<li>Charles Piedade de Oliveira<\/li>\n<li>Daniela Cunha Tornisiello<\/li>\n<li>Danilo Carlos Ferreira Costa<\/li>\n<li>D\u00e9bora de Cassia Silva Lavoura<\/li>\n<li>Diego dos Anjos Soares<\/li>\n<li>Douglas Brunelli<\/li>\n<li>Felipe Gonzaga Nunes Ferreira<\/li>\n<li>Felipe Loschiavo Requena<\/li>\n<li>Felipe Moraes Rigo<\/li>\n<li>Gabriel Sobreira Gomes da Silva<\/li>\n<li>Gabriela Durrer Lopes Giusti<\/li>\n<li>Gean Francisco Costa Barrilli<\/li>\n<li>Jairo Batanero Campos<\/li>\n<li>J\u00e9ssica Brito de Souza<\/li>\n<li>Juliana Prado Ferreira Gon\u00e7alves<\/li>\n<li>Kaique Duarte Barretto<\/li>\n<li>Karla Rom\u00e3o<\/li>\n<li>K\u00e1tia Maria Sampaio Cezarino<\/li>\n<li>Laice Danielle Correia<\/li>\n<li>Larissa Lucianetti Oliveira<\/li>\n<li>Laura Silvestrini Canola<\/li>\n<li>Lilian Roberta Pereira Cruz<\/li>\n<li>L\u00edvia Maria Ongaro Modolo<\/li>\n<li>Luclecia Aparecida Martins Soares<\/li>\n<li>Luiz Cl\u00e1udio Pires Pereira J\u00fanior<\/li>\n<li>Luiz Paulo Baptista Colassio<\/li>\n<li>Marcelo Augusto \u00c1vila<\/li>\n<li>Maria Carolina Moraes Coelho Moura<\/li>\n<li>Mariane Rodrigues Amuy<\/li>\n<li>Mariela Eliza Assine Arrizatto<\/li>\n<li>Marina Peres Barbosa<\/li>\n<li>Mateus de Oliveira Ismael<\/li>\n<li>Mateus Magro Maroun<\/li>\n<li>Nicolle Passaglia Costa<\/li>\n<li>Pablo Cordeiro Vaccari<\/li>\n<li>Raquel Curtolo Quirino<\/li>\n<li>Rebeca Cristine Ferreira da Silva<\/li>\n<li>Robson Antunes de Campos<\/li>\n<li>Sueli de F\u00e1tima Ferro de Oliveira<\/li>\n<li>Stephanie Christie Plats de Almeida<\/li>\n<li>Tain\u00e1 Lima de Moura<\/li>\n<li>Tatianna Cury Abe<\/li>\n<li>Thamiris Caroline Rodrigues Cardoso<\/li>\n<li>Tiago Valentim Georgette<\/li>\n<li>Thiago Manzi Nascimento<\/li>\n<\/ul>\n<h3>Estagi\u00e1rios<\/h3>\n<ul>\n<li>Bianca Caroline Alves Leite<\/li>\n<li>Giann Augusto Antunes de Oliveira<\/li>\n<li>Joice de Almeida Chagas<\/li>\n<li>Nathalia Teles da Silva<\/li>\n<li>Rute Michele Geraldo<\/li>\n<li>Valentine Luize Lacerda Santos<\/li>\n<li>Vitor Niels Flores Jensen<\/li>\n<li>Vit\u00f3ria de Oliveira Puerta<\/li>\n<\/ul>\n<p>\u00b9Data-base: 31 de dezembro de 2023.<\/p>\n<h3>Conselho Deliberativo da Ag\u00eancia das Bacias PCJ (mandato 2023\/2025\u200b)<\/h3>\n<p>Paulo Roberto S. Tinel [Presidente]<br \/>\n<strong>Associa\u00e7\u00e3o Nacional dos Servi\u00e7os Municipais de Saneamento (ASSEMAE)<br \/>\n<\/strong><br \/>\nPetrus Bartholomeus Weel [Vice-presidente]<br \/>\n<strong>Prefeitura Municipal de Holambra<br \/>\n<\/strong><br \/>\nAline Maria Leite de Moraes<br \/>\n<strong>Prefeitura Municipal de Saltinho<br \/>\n<\/strong><br \/>\nAndr\u00e9 Luiz Sanchez Navarro<br \/>\n<strong>Secretaria de Meio Ambiente, Infraestrutura e Log\u00edstica do Estado de S. Paulo (SEMIL)<br \/>\n<\/strong><br \/>\nArtur Costa Santos<br \/>\n<strong>Prefeitura Municipal de Piracicaba<br \/>\n<\/strong><br \/>\nCaroline Governatori<br \/>\n<strong>Companhia de Saneamento B\u00e1sico do Estado de S\u00e3o Paulo (SABESP)<br \/>\n<\/strong><br \/>\nEliana Von Atzingen Bueno Morello<br \/>\n<strong>Prefeitura Municipal de Campinas<br \/>\n<\/strong><br \/>\nFl\u00e1vio Makoto Hashimoto<br \/>\n<strong>Secretaria do Estado da Fazenda<br \/>\n<\/strong><br \/>\nFrancisco Carlos Castro Lah\u00f3z<br \/>\n<strong>Cons\u00f3rcio Intermunicipal das Bacias dos Rios Piracicaba, Capivari e Jundia\u00ed &#8211; (Cons\u00f3rcio PCJ)<br \/>\n<\/strong><br \/>\nJo\u00e3o Primo Baraldi<br \/>\n<strong>Sindicato Rural de Rio Claro<br \/>\n<\/strong><br \/>\nJonas Vitti<br \/>\n<strong>Centro das Ind\u00fastrias do Estado de S\u00e3o Paulo (CIESP \u2013 DR Limeira)<br \/>\n<\/strong><br \/>\nJos\u00e9 Rubens Fran\u00e7oso<br \/>\n<strong>Prefeitura Municipal de S\u00e3o Pedro<br \/>\n<\/strong><br \/>\nLaura Stela Naliato Perez<br \/>\n<strong>Secretaria de Meio Ambiente, Infraestrutura e Log\u00edstica do Estado de S. Paulo<br \/>\n<\/strong><br \/>\nMartim de Fran\u00e7a Silveira Ribeiro<br \/>\n<strong>Prefeitura Municipal de Jundia\u00ed<br \/>\n<\/strong><br \/>\nMiguel Madalena Milinski<br \/>\n<strong>Associa\u00e7\u00e3o Amigos do Horto Florestal Navarro de Andrade (AAMHOR)<br \/>\n<\/strong><br \/>\nPaulo Takeyama<br \/>\n<strong>Associa\u00e7\u00e3o dos Engenheiros Arquitetos e Agr\u00f4nomos de Salto (AEAS)<br \/>\n<\/strong><br \/>\nRaphael Rodrigues Ferreira<br \/>\n<strong>Secretaria de Meio Ambiente, Infraestrutura e Log\u00edstica do Estado de S\u00e3o Paulo<br \/>\n<\/strong><br \/>\nVera Hidalgo<br \/>\n<strong>Secretaria de Desenvolvimento Econ\u00f4mico<\/strong><\/p>\n<h3>Conselho Fiscal da Ag\u00eancia das Bacias PCJ (mandato 2023\/2025\u200b)<\/h3>\n<p>Luiz Alberto Buschinelli Carneiro [Presidente]<br \/>\n<strong>Secretaria de Estado da Sa\u00fade de S\u00e3o Paulo<br \/>\n<\/strong><br \/>\nAndr\u00e9 Elia Neto<br \/>\n<strong>Uni\u00e3o da Agroind\u00fastria Canavieira do Estado de S\u00e3o Paulo (UNICA)<br \/>\n<\/strong><br \/>\nFabiane Cabral da Costa Santiago<br \/>\n<strong>Prefeitura Municipal de Atibaia<br \/>\n<\/strong><br \/>\nFrancisco Ant\u00f4nio Moschini<br \/>\n<strong>Instituto de Estudos Vale do Tiet\u00ea (INEVAT)<br \/>\n<\/strong><br \/>\nHenrique Bellinaso<br \/>\n<strong>Secretaria de Agricultura e Abastecimento do Estado de S\u00e3o Paulo (SAA\/SP)<br \/>\n<\/strong><br \/>\nLaerson Andia J\u00fanior<br \/>\n<strong>Prefeitura Municipal de Santa B\u00e1rbara d\u2019Oeste<\/strong><\/p>\n<h2>Comit\u00eas das Bacias Hidrogr\u00e1ficas dos Rios Piracicaba, Capivari e Jundia\u00ed COMIT\u00caS PCJ<\/h2>\n<h3>Composi\u00e7\u00e3o da Diretoria Colegiada dos Comit\u00eas PCJ-FEDERAL e CBH-PCJ &#8211; Gest\u00e3o 2023\/2025\u00b2 e do CBH-PJ1\u00b3 &#8211; gest\u00e3o 2023\/2027\u00b3<\/h3>\n<p><strong>Presidente do CBH-PCJ e do PCJ FEDERAL<br \/>\n<\/strong>Luciano Santos Tavares de Almeida<br \/>\nPrefeitura Municipal de Piracicaba\/SP<\/p>\n<p><strong>Presidente do CBH-PJ1 e 1\u00ba Vice-Presidente do PCJ FEDERAL (at\u00e9 19 de dezembro 2023)<\/strong><br \/>\nSidney Jos\u00e9 da Rosa<br \/>\nAssocia\u00e7\u00e3o de Agricultura Org\u00e2nica e Biodin\u00e2mica Serras de Santana (BIOSS)<\/p>\n<p><strong>Presidente do CBH-PJ1 (a partir de 20 de dezembro de 2023)<\/strong><br \/>\nMylena Nascimento Rodrigues de Oliveira<br \/>\nFedera\u00e7\u00e3o das Ind\u00fastrias do Estado de Minas Gerais (FIEMG)<\/p>\n<p><strong>1\u00ba Vice-Presidente do PCJ FEDERAL (a partir de 20 de dezembro de 2023)<\/strong><br \/>\nAguardando indica\u00e7\u00e3o<\/p>\n<p><strong>Vice-Presidente do CBH-PCJ e 2\u00ba Vice-Presidente do PCJ FEDERAL<\/strong><br \/>\nMarco Ant\u00f4nio dos Santos<br \/>\nAssocia\u00e7\u00e3o Nacional dos Servi\u00e7os Municipais de Saneamento \u2013 ASSEMAE<\/p>\n<p><strong>Vice-Presidente do CBH-PJ1 (at\u00e9 19 de dezembro 2023)<\/strong><br \/>\nDavid Figueiredo Barros do Prado<br \/>\nMelhoramentos Florestal<\/p>\n<p><strong>Vice-Presidente do CBH-PJ1 (a partir de 20 de dezembro 2023)<\/strong><br \/>\nReginaldo Aparecido de Godoi<br \/>\nPrefeitura Municipal de Itapeva\/MG<\/p>\n<p><strong>3\u00ba Vice-Presidente do PCJ FEDERAL<\/strong><br \/>\nRachel Landgraf de Siqueira<br \/>\nMinist\u00e9rio do Meio Ambiente e Mudan\u00e7a do Clima<\/p>\n<p><strong>Secret\u00e1rio Executivo do CBH-PCJ e do PCJ FEDERAL (at\u00e9 06 de dezembro de 2023)<\/strong><br \/>\nAndr\u00e9 Luiz Sanchez Navarro<br \/>\nSecretaria de Meio Ambiente, Infraestrutura e Log\u00edstica (SEMIL)<\/p>\n<p><strong>Secret\u00e1rio Executivo do CBH-PCJ e do PCJ FEDERAL\u200b (a partir de 07 de dezembro de 2023)\u200b<\/strong><br \/>\nDenis Herisson da Silva<br \/>\nSecretaria de Agricultura e Abastecimento (SAA)\u200b<\/p>\n<p>\u200b<strong>Secret\u00e1ria Executiva-Adjunta do CBH-PCJ\u200b<\/strong><br \/>\nCaroline T\u00fabero Bacchin\u200b<br \/>\nSecretaria de Infraestrutura, Meio Ambiente e Log\u00edstica do Estado de S\u00e3o Paulo (SEMIL)\u200b<\/p>\n<p><strong>Secret\u00e1rio Executivo do CBH-PJ1 (at\u00e9 19 de dezembro 2023)\u200b<\/strong><br \/>\nDami\u00e3o Aparecido do Couto\u200b<br \/>\nPrefeitura Municipal de Toledo\/MG\u200b<\/p>\n<p><strong>\u200bSecret\u00e1rio Executivo do CBH-PJ1\u200b (a partir de 20 de dezembro de 2023)\u200b<\/strong><br \/>\nAdilson Ramos de Souza<br \/>\nSindicato dos Trabalhadores nas Ind\u00fastrias de Purifica\u00e7\u00e3o e Distribui\u00e7\u00e3o de \u00c1gua e em Servi\u00e7os de Esgoto do Estado de Minas Gerais (SIND\u00c1GUA)\u200b<\/p>\n<p>\u200b<strong>Secret\u00e1rio Executivo-Adjunto do CBH-PJ1 (at\u00e9 19 de dezembro de 2023)\u200b<\/strong><br \/>\nRodrigo Alves de Oliveira\u200b<br \/>\nPrefeitura Municipal de Camanducaia\/MG\u200b<\/p>\n<p>\u200b<strong>Secret\u00e1rio Executivo-Adjunto do CBH-PJ1 (a partir de 20 de dezembro 2023)\u200b<\/strong><br \/>\nMaur\u00edcio Djalles Costa\u200b<br \/>\nConselho Regional de Biologia da 4\u00aa Regi\u00e3o (CRBIO-04)\u200b<\/p>\n<p>\u00b2 Mandato do CBH-FEDERAL e CBH-PCJ 2023-2025 \u2013 <a href=\"https:\/\/drive.google.com\/file\/d\/13JDELXHTk0f2vgP0I3VhJBen9o_4HVRD\/view\" target=\"_blank\" rel=\"noopener\">Delibera\u00e7\u00e3o dos Comit\u00eas PCJ n\u00ba 434\/23, de 30\/03\/2023<\/a>.\u200b<\/p>\n<p>\u00b3 Mandato do CBH-PJ1 2023-2027 \u2013 <a href=\"https:\/\/comites.igam.mg.gov.br\/images\/phocadownload\/Eleicoes\/Eleicoes_2023_2027\/Atosgovernamentais\/PJ1_Ato_Governamental.pdf\" target=\"_blank\" rel=\"noopener\">CBH-PJ1 \u2013 Ato Governamental\u200b<\/a>.<\/p>\n<h2>Expediente<\/h2>\n<p><strong>Comiss\u00e3o de Acompanhamento do Relat\u00f3rio Institucional:<\/strong> Aline Daiane Briques, Aline de F\u00e1tima Rocha Meneses Moura, Diogo Bernardo Pedrozo, Eduardo Cuoco L\u00e9o, Felipe Moraes Rigo, Gabriela Durrer Lopes Giusti, Giann Augusto Antunes de Oliveira, Ivens de Oliveira, K\u00e1tia Rossi Gotardi Piccin, Patr\u00edcia Gobet de Aguiar Barufaldi, Rute Michele Geraldo, Stephanie Christie Plats de Almeida e Vanessa Cristina Bortolazzo Longato.<\/p>\n<p><strong>Consultoria, reda\u00e7\u00e3o, edi\u00e7\u00e3o e projeto gr\u00e1fico:<\/strong> BH Press Comunica\u00e7\u00e3o \u2022 Renata Taffarello, reda\u00e7\u00e3o \u2022 L\u00edlian Ribas, consultoria GRI e edi\u00e7\u00e3o \u2022 Bruno Andrade, projeto gr\u00e1fico e diagrama\u00e7\u00e3o.<\/p>\n<p><strong>Imagens:<\/strong> Acervo Ag\u00eancia das Bacias PCJ e outras fontes p\u00fablicas.<\/p>\n<p>Contrato Funda\u00e7\u00e3o Ag\u00eancia das Bacias PCJ n\u00ba 038\/2023<\/p>\n","protected":false},"excerpt":{"rendered":"<p>Ficha catalogr\u00e1fica<\/p>\n","protected":false},"author":1,"featured_media":56,"parent":0,"menu_order":5,"comment_status":"closed","ping_status":"closed","template":"page-institucional.php","meta":{"_acf_changed":false,"footnotes":""},"acf":[],"_links":{"self":[{"href":"https:\/\/agencia.baciaspcj.org.br\/institucional2023\/wp-json\/wp\/v2\/pages\/7"}],"collection":[{"href":"https:\/\/agencia.baciaspcj.org.br\/institucional2023\/wp-json\/wp\/v2\/pages"}],"about":[{"href":"https:\/\/agencia.baciaspcj.org.br\/institucional2023\/wp-json\/wp\/v2\/types\/page"}],"author":[{"embeddable":true,"href":"https:\/\/agencia.baciaspcj.org.br\/institucional2023\/wp-json\/wp\/v2\/users\/1"}],"replies":[{"embeddable":true,"href":"https:\/\/agencia.baciaspcj.org.br\/institucional2023\/wp-json\/wp\/v2\/comments?post=7"}],"version-history":[{"count":41,"href":"https:\/\/agencia.baciaspcj.org.br\/institucional2023\/wp-json\/wp\/v2\/pages\/7\/revisions"}],"predecessor-version":[{"id":822,"href":"https:\/\/agencia.baciaspcj.org.br\/institucional2023\/wp-json\/wp\/v2\/pages\/7\/revisions\/822"}],"wp:featuredmedia":[{"embeddable":true,"href":"https:\/\/agencia.baciaspcj.org.br\/institucional2023\/wp-json\/wp\/v2\/media\/56"}],"wp:attachment":[{"href":"https:\/\/agencia.baciaspcj.org.br\/institucional2023\/wp-json\/wp\/v2\/media?parent=7"}],"curies":[{"name":"wp","href":"https:\/\/api.w.org\/{rel}","templated":true}]}}