{"id":589,"date":"2024-03-14T15:42:49","date_gmt":"2024-03-14T18:42:49","guid":{"rendered":"https:\/\/agencia.baciaspcj.org.br\/institucional2023\/?page_id=589"},"modified":"2024-03-14T16:34:03","modified_gmt":"2024-03-14T19:34:03","slug":"resumo-interativo","status":"publish","type":"page","link":"https:\/\/agencia.baciaspcj.org.br\/institucional2023\/sumarios\/resumo-interativo\/","title":{"rendered":"ANEXO III \u2013 Resolu\u00e7\u00e3o ANA n\u00ba 125\/2022"},"content":{"rendered":"<h1>Resumo Interativo<\/h1>\n<p>Guia para acesso das informa\u00e7\u00f5es, exerc\u00edcio 2023, com base no ANEXO II \u2013 ESTRUTURA GERAL DO CONTE\u00daDO DO RELAT\u00d3RIO ANUAL DE GEST\u00c3O DA ENTIDADE DELEGAT\u00c1RIA \u2013 <a href=\"https:\/\/agencia.baciaspcj.org.br\/institucional2023\/wp-content\/uploads\/2024\/03\/0125-2022_Ato_Normativo_21072022_20220725083658.pdf\">Resolu\u00e7\u00e3o ANA n\u00ba 125\/2022<\/a>, que estabelece procedimentos e rotinas para avalia\u00e7\u00e3o da presta\u00e7\u00e3o de contas anual dos contratos de gest\u00e3o celebrados entre a ANA e as entidades delegat\u00e1rias de fun\u00e7\u00f5es de Ag\u00eancias de \u00c1gua.<\/p>\n","protected":false},"excerpt":{"rendered":"<p>Resumo Interativo Guia para acesso das informa\u00e7\u00f5es, exerc\u00edcio 2023, com base no ANEXO II \u2013 ESTRUTURA GERAL DO CONTE\u00daDO DO RELAT\u00d3RIO ANUAL DE GEST\u00c3O DA [&hellip;]<\/p>\n","protected":false},"author":1,"featured_media":0,"parent":418,"menu_order":2,"comment_status":"closed","ping_status":"closed","template":"page-resumo.php","meta":{"_acf_changed":false,"footnotes":""},"acf":[],"_links":{"self":[{"href":"https:\/\/agencia.baciaspcj.org.br\/institucional2023\/wp-json\/wp\/v2\/pages\/589"}],"collection":[{"href":"https:\/\/agencia.baciaspcj.org.br\/institucional2023\/wp-json\/wp\/v2\/pages"}],"about":[{"href":"https:\/\/agencia.baciaspcj.org.br\/institucional2023\/wp-json\/wp\/v2\/types\/page"}],"author":[{"embeddable":true,"href":"https:\/\/agencia.baciaspcj.org.br\/institucional2023\/wp-json\/wp\/v2\/users\/1"}],"replies":[{"embeddable":true,"href":"https:\/\/agencia.baciaspcj.org.br\/institucional2023\/wp-json\/wp\/v2\/comments?post=589"}],"version-history":[{"count":8,"href":"https:\/\/agencia.baciaspcj.org.br\/institucional2023\/wp-json\/wp\/v2\/pages\/589\/revisions"}],"predecessor-version":[{"id":601,"href":"https:\/\/agencia.baciaspcj.org.br\/institucional2023\/wp-json\/wp\/v2\/pages\/589\/revisions\/601"}],"up":[{"embeddable":true,"href":"https:\/\/agencia.baciaspcj.org.br\/institucional2023\/wp-json\/wp\/v2\/pages\/418"}],"wp:attachment":[{"href":"https:\/\/agencia.baciaspcj.org.br\/institucional2023\/wp-json\/wp\/v2\/media?parent=589"}],"curies":[{"name":"wp","href":"https:\/\/api.w.org\/{rel}","templated":true}]}}