{"id":30,"date":"2024-02-07T11:42:20","date_gmt":"2024-02-07T14:42:20","guid":{"rendered":"https:\/\/agencia.baciaspcj.org.br\/institucional2023\/?page_id=30"},"modified":"2024-04-08T09:51:52","modified_gmt":"2024-04-08T12:51:52","slug":"sustentabilidade-corporativa","status":"publish","type":"page","link":"https:\/\/agencia.baciaspcj.org.br\/institucional2023\/nossa-atuacao\/sustentabilidade-corporativa\/","title":{"rendered":"Sustentabilidade corporativa"},"content":{"rendered":"<p>O gerenciamento transparente, com olhar para os aspectos ambientais, sociais e econ\u00f4micos, \u00e9 fundamental para o trabalho desenvolvido pela Ag\u00eancia das Bacias PCJ ao considerar a import\u00e2ncia do territ\u00f3rio das Bacias PCJ. Assim, os processos t\u00e9cnicos e administrativos na entidade s\u00e3o orientados pela sustentabilidade. Desde a ades\u00e3o ao Programa Agenda Ambiental na Administra\u00e7\u00e3o P\u00fablica \u2013 A3P, do Minist\u00e9rio do Meio Ambiente e Mudan\u00e7a do Clima (MMA), as a\u00e7\u00f5es implantadas de acordo com um Plano de Gest\u00e3o Socioambiental (PGS) t\u00eam contribu\u00eddo para a evolu\u00e7\u00e3o da sustentabilidade corporativa na entidade.<\/p>\n<p>Desde 2018 a Ag\u00eancia das Bacias PCJ tamb\u00e9m \u00e9 signat\u00e1ria do Pacto Global, procurando alinhar o desenvolvimento de suas atividades com os princ\u00edpios da iniciativa p\u00fablica e com os indicadores e metas dos <a href=\"https:\/\/odsbrasil.gov.br\/\" target=\"_blank\" rel=\"noopener\">Objetivos de Desenvolvimento Sustent\u00e1vel (ODS)<\/a>, da Agenda 2030 da Organiza\u00e7\u00e3o das Na\u00e7\u00f5es Unidas (ONU). Tamb\u00e9m segue as recomenda\u00e7\u00f5es e resolu\u00e7\u00f5es da Ag\u00eancia Nacional de \u00c1guas e Saneamento B\u00e1sico (ANA), que preveem dilig\u00eancia e precau\u00e7\u00e3o, al\u00e9m de se orientar por princ\u00edpios \u00e9ticos e valores expressos no C\u00f3digo de \u00c9tica da Ag\u00eancia das Bacias PCJ.<\/p>\n<p>(GRI 2-23, 2-24)<\/p>\n","protected":false},"excerpt":{"rendered":"<p>ODS na Ag\u00eancia das Bacias PCJ<\/p>\n","protected":false},"author":1,"featured_media":0,"parent":11,"menu_order":10,"comment_status":"closed","ping_status":"closed","template":"page-sustentabilidade.php","meta":{"_acf_changed":false,"footnotes":""},"acf":[],"_links":{"self":[{"href":"https:\/\/agencia.baciaspcj.org.br\/institucional2023\/wp-json\/wp\/v2\/pages\/30"}],"collection":[{"href":"https:\/\/agencia.baciaspcj.org.br\/institucional2023\/wp-json\/wp\/v2\/pages"}],"about":[{"href":"https:\/\/agencia.baciaspcj.org.br\/institucional2023\/wp-json\/wp\/v2\/types\/page"}],"author":[{"embeddable":true,"href":"https:\/\/agencia.baciaspcj.org.br\/institucional2023\/wp-json\/wp\/v2\/users\/1"}],"replies":[{"embeddable":true,"href":"https:\/\/agencia.baciaspcj.org.br\/institucional2023\/wp-json\/wp\/v2\/comments?post=30"}],"version-history":[{"count":29,"href":"https:\/\/agencia.baciaspcj.org.br\/institucional2023\/wp-json\/wp\/v2\/pages\/30\/revisions"}],"predecessor-version":[{"id":744,"href":"https:\/\/agencia.baciaspcj.org.br\/institucional2023\/wp-json\/wp\/v2\/pages\/30\/revisions\/744"}],"up":[{"embeddable":true,"href":"https:\/\/agencia.baciaspcj.org.br\/institucional2023\/wp-json\/wp\/v2\/pages\/11"}],"wp:attachment":[{"href":"https:\/\/agencia.baciaspcj.org.br\/institucional2023\/wp-json\/wp\/v2\/media?parent=30"}],"curies":[{"name":"wp","href":"https:\/\/api.w.org\/{rel}","templated":true}]}}