{"id":26,"date":"2024-02-07T11:40:55","date_gmt":"2024-02-07T14:40:55","guid":{"rendered":"https:\/\/agencia.baciaspcj.org.br\/institucional2023\/?page_id=26"},"modified":"2024-03-18T17:27:32","modified_gmt":"2024-03-18T20:27:32","slug":"o-que-fazemos","status":"publish","type":"page","link":"https:\/\/agencia.baciaspcj.org.br\/institucional2023\/nossa-atuacao\/o-que-fazemos\/","title":{"rendered":"O que fazemos"},"content":{"rendered":"<ul>\n<li>Fornecemos apoio financeiro e administrativo aos planos, programas, servi\u00e7os e obras deliberados pelos Comit\u00eas PCJ e constantes do Plano das Bacias PCJ;<\/li>\n<li>Promovemos a capacita\u00e7\u00e3o de recursos humanos para o planejamento e gerenciamento de recursos h\u00eddricos, de acordo com programa aprovado pelos Comit\u00eas PCJ;<\/li>\n<li>Apoiamos e incentivar a educa\u00e7\u00e3o ambiental e o desenvolvimento de tecnologias que possibilitem o uso racional dos recursos h\u00eddricos;<\/li>\n<li>Incentivamos, na \u00e1rea de sua atua\u00e7\u00e3o, a articula\u00e7\u00e3o dos participantes dos Sistemas Nacional e Estaduais de Gerenciamento de Recursos H\u00eddricos com os demais sistemas setoriais, com os munic\u00edpios, com o setor produtivo e com a sociedade civil;<\/li>\n<li>Praticamos, no campo dos recursos h\u00eddricos, a\u00e7\u00f5es que lhe sejam delegadas ou atribu\u00eddas pelos detentores do dom\u00ednio de \u00e1guas p\u00fablicas.<\/li>\n<li>Exercemos as fun\u00e7\u00f5es de Entidade Delegat\u00e1ria das fun\u00e7\u00f5es de Ag\u00eancia de \u00c1gua, conforme primeiro termo aditivo do Contrato de Gest\u00e3o n\u00ba 033\/2020\/ANA.\u200b<\/li>\n<\/ul>\n","protected":false},"excerpt":{"rendered":"<p>Fornecemos apoio financeiro e administrativo aos planos, programas, servi\u00e7os e obras deliberados pelos Comit\u00eas PCJ e constantes do Plano das Bacias PCJ; Promovemos a capacita\u00e7\u00e3o [&hellip;]<\/p>\n","protected":false},"author":1,"featured_media":510,"parent":11,"menu_order":8,"comment_status":"closed","ping_status":"closed","template":"page-fazemos.php","meta":{"_acf_changed":false,"footnotes":""},"acf":[],"_links":{"self":[{"href":"https:\/\/agencia.baciaspcj.org.br\/institucional2023\/wp-json\/wp\/v2\/pages\/26"}],"collection":[{"href":"https:\/\/agencia.baciaspcj.org.br\/institucional2023\/wp-json\/wp\/v2\/pages"}],"about":[{"href":"https:\/\/agencia.baciaspcj.org.br\/institucional2023\/wp-json\/wp\/v2\/types\/page"}],"author":[{"embeddable":true,"href":"https:\/\/agencia.baciaspcj.org.br\/institucional2023\/wp-json\/wp\/v2\/users\/1"}],"replies":[{"embeddable":true,"href":"https:\/\/agencia.baciaspcj.org.br\/institucional2023\/wp-json\/wp\/v2\/comments?post=26"}],"version-history":[{"count":8,"href":"https:\/\/agencia.baciaspcj.org.br\/institucional2023\/wp-json\/wp\/v2\/pages\/26\/revisions"}],"predecessor-version":[{"id":660,"href":"https:\/\/agencia.baciaspcj.org.br\/institucional2023\/wp-json\/wp\/v2\/pages\/26\/revisions\/660"}],"up":[{"embeddable":true,"href":"https:\/\/agencia.baciaspcj.org.br\/institucional2023\/wp-json\/wp\/v2\/pages\/11"}],"wp:featuredmedia":[{"embeddable":true,"href":"https:\/\/agencia.baciaspcj.org.br\/institucional2023\/wp-json\/wp\/v2\/media\/510"}],"wp:attachment":[{"href":"https:\/\/agencia.baciaspcj.org.br\/institucional2023\/wp-json\/wp\/v2\/media?parent=26"}],"curies":[{"name":"wp","href":"https:\/\/api.w.org\/{rel}","templated":true}]}}