{"id":24,"date":"2024-02-07T11:40:05","date_gmt":"2024-02-07T14:40:05","guid":{"rendered":"https:\/\/agencia.baciaspcj.org.br\/institucional2023\/?page_id=24"},"modified":"2024-04-26T11:30:58","modified_gmt":"2024-04-26T14:30:58","slug":"quem-somos","status":"publish","type":"page","link":"https:\/\/agencia.baciaspcj.org.br\/institucional2023\/nossa-atuacao\/quem-somos\/","title":{"rendered":"Quem somos"},"content":{"rendered":"<p>A Funda\u00e7\u00e3o Ag\u00eancia das Bacias Hidrogr\u00e1ficas dos Rios Piracicaba, Capivari e Jundia\u00ed (Ag\u00eancia das Bacias PCJ) \u00e9 o bra\u00e7o executivo dos Comit\u00eas PCJ. \u00c9 respons\u00e1vel pelo desenvolvimento dos instrumentos de gest\u00e3o dos recursos h\u00eddricos na regi\u00e3o das Bacias PCJ e pelo gerenciamento dos recursos financeiros arrecadados tanto com a cobran\u00e7a pelo uso das \u00e1guas nos rios de dom\u00ednio da Uni\u00e3o, quanto nos rios de dom\u00ednio do estado de S\u00e3o Paulo, bem como dos recursos da Compensa\u00e7\u00e3o Financeira pela Utiliza\u00e7\u00e3o dos Recursos H\u00eddricos para Fins de Gera\u00e7\u00e3o de Energia (CFURH), os <em>royalties<\/em> pagos pelo setor hidrel\u00e9trico.<\/p>\n<p>Os recursos arrecadados oriundos das Cobran\u00e7as PCJ e da CFURH s\u00e3o investidos de acordo com as a\u00e7\u00f5es pautadas e priorizadas no <a href=\"https:\/\/www.comitespcj.org.br\/index.php?option=com_content&amp;view=article&amp;id=957:pb-pcj-2020-2035&amp;catid=148:plano-das-bacias&amp;Itemid=332\" target=\"_blank\" rel=\"noopener\">Plano das Bacias PCJ<\/a> em vig\u00eancia e de acordo com as delibera\u00e7\u00f5es dos Comit\u00eas PCJ.<\/p>\n<p>(GRI 2-1, 2-6)<\/p>\n<p><a class=\"mais\" href=\"https:\/\/agencia.baciaspcj.org.br\/institucional\/\" target=\"_blank\" rel=\"noopener\">Saiba mais<\/a><\/p>\n","protected":false},"excerpt":{"rendered":"<p>A Funda\u00e7\u00e3o Ag\u00eancia das Bacias Hidrogr\u00e1ficas dos Rios Piracicaba, Capivari e Jundia\u00ed (Ag\u00eancia das Bacias PCJ) \u00e9 o bra\u00e7o executivo dos Comit\u00eas PCJ. \u00c9 respons\u00e1vel [&hellip;]<\/p>\n","protected":false},"author":1,"featured_media":0,"parent":11,"menu_order":7,"comment_status":"closed","ping_status":"closed","template":"page-quem-somos.php","meta":{"_acf_changed":false,"footnotes":""},"acf":[],"_links":{"self":[{"href":"https:\/\/agencia.baciaspcj.org.br\/institucional2023\/wp-json\/wp\/v2\/pages\/24"}],"collection":[{"href":"https:\/\/agencia.baciaspcj.org.br\/institucional2023\/wp-json\/wp\/v2\/pages"}],"about":[{"href":"https:\/\/agencia.baciaspcj.org.br\/institucional2023\/wp-json\/wp\/v2\/types\/page"}],"author":[{"embeddable":true,"href":"https:\/\/agencia.baciaspcj.org.br\/institucional2023\/wp-json\/wp\/v2\/users\/1"}],"replies":[{"embeddable":true,"href":"https:\/\/agencia.baciaspcj.org.br\/institucional2023\/wp-json\/wp\/v2\/comments?post=24"}],"version-history":[{"count":26,"href":"https:\/\/agencia.baciaspcj.org.br\/institucional2023\/wp-json\/wp\/v2\/pages\/24\/revisions"}],"predecessor-version":[{"id":818,"href":"https:\/\/agencia.baciaspcj.org.br\/institucional2023\/wp-json\/wp\/v2\/pages\/24\/revisions\/818"}],"up":[{"embeddable":true,"href":"https:\/\/agencia.baciaspcj.org.br\/institucional2023\/wp-json\/wp\/v2\/pages\/11"}],"wp:attachment":[{"href":"https:\/\/agencia.baciaspcj.org.br\/institucional2023\/wp-json\/wp\/v2\/media?parent=24"}],"curies":[{"name":"wp","href":"https:\/\/api.w.org\/{rel}","templated":true}]}}