{"id":22,"date":"2024-02-07T11:38:24","date_gmt":"2024-02-07T14:38:24","guid":{"rendered":"https:\/\/agencia.baciaspcj.org.br\/institucional2023\/?page_id=22"},"modified":"2024-04-26T11:30:07","modified_gmt":"2024-04-26T14:30:07","slug":"mensagem-dos-comites-pcj","status":"publish","type":"page","link":"https:\/\/agencia.baciaspcj.org.br\/institucional2023\/nossas-mensagens\/mensagem-dos-comites-pcj\/","title":{"rendered":"Mensagem dos Comit\u00eas PCJ"},"content":{"rendered":"<p>Considero 2023 um dos anos mais pr\u00f3digos dos Comit\u00eas PCJ e de seu bra\u00e7o executivo, a Ag\u00eancia das Bacias PCJ. Tivemos um volume de recursos consider\u00e1vel que est\u00e1 sendo gerenciado, de processos que vinham do passado, e agora consolidados. Nosso principal desafio para 2024 ser\u00e1 alocar esses recursos, para grandes parcerias e importantes projetos que fornecer\u00e3o apoio aos munic\u00edpios e \u00e0s institui\u00e7\u00f5es.<\/p>\n<p>Muito j\u00e1 foi feito nesses 30 anos dos Comit\u00eas PCJ e agora \u00e9 hora de arrega\u00e7ar as mangas porque muito vir\u00e1 pela frente. Vejo que isso \u00e9 poss\u00edvel pois, com a equipe coesa e empenhada que temos, como somos uma grande institui\u00e7\u00e3o, que hoje gerencia e administra os recursos h\u00eddricos das Bacias PCJ de forma planejada e eficiente.<\/p>\n<p>A parceria entre a Ag\u00eancia das Bacias PCJ e a ag\u00eancia francesa Loire-Bretagne por meio do projeto M.A.R.U (Monitoramento de \u00c1guas Residuais Urbanas) \u00e9 um exemplo disso. O interc\u00e2mbio internacional \u00e9 um trabalho inovador no monitoramento da qualidade da \u00e1gua nas Bacias PCJ, por meio de imagens de sat\u00e9lite.<\/p>\n<p>Destaco tamb\u00e9m outro trabalho desenvolvido em 2023: o plano contra as enchentes na Bacia do Rio Capivari. Trata-se de um projeto relevante e temos de fazer com que esses estudos sejam, de fato, implementados. Penso que o desafio maior \u00e9 esse, sair da ret\u00f3rica e do papel e tentar entrar em a\u00e7\u00f5es pr\u00e1ticas. H\u00e1 muitas iniciativas que j\u00e1 est\u00e3o sendo tomadas em virtude de, cada vez mais, termos esses eventos clim\u00e1ticos com maior incid\u00eancia e danos. A partir disso, temos que ser mais r\u00e1pidos na execu\u00e7\u00e3o das a\u00e7\u00f5es de preven\u00e7\u00e3o para que n\u00e3o tenhamos os efeitos recorrentes em v\u00e1rios munic\u00edpios.<\/p>\n<p>\u00c9 importante estabelecer que este projeto n\u00e3o pare no Capivari, pois existe toda uma bacia que tamb\u00e9m sofre com problemas semelhantes e que precisam rapidamente de projetos e planos de macrodrenagem. Mais do que evitar inunda\u00e7\u00f5es, \u00e9 preciso manter o conceito de qualidade e recupera\u00e7\u00e3o de mananciais. Em Piracicaba temos pensado no futuro e feito a li\u00e7\u00e3o, trabalhando em uma barragem nesta importante bacia, que auxiliar\u00e1 no abastecimento futuro das cidades da regi\u00e3o.<\/p>\n<p>O papel dos munic\u00edpios para a boa gest\u00e3o das \u00e1guas \u00e9 fundamental, pois \u00e9 l\u00e1 que as pessoas vivem e, consequentemente, identificam suas necessidades. Desta forma, a quest\u00e3o da governan\u00e7a no setor p\u00fablico \u00e9 essencial para o avan\u00e7o dos projetos. Como munic\u00edpios, \u00e9 necess\u00e1rio que construamos um Plano de Saneamento que siga a mesma l\u00f3gica do Plano de Bacias Hidrogr\u00e1ficas.<\/p>\n<p>A atua\u00e7\u00e3o dos Comit\u00eas PCJ nestes 30 anos tem sido fundamental para identificar novos sistemas de preserva\u00e7\u00e3o que possam garantir a qualidade de vida e o desenvolvimento econ\u00f4mico das nossas cidades. Particularmente, sinto-me privilegiado em presidir os Comit\u00eas Federal e Paulista do PCJ na celebra\u00e7\u00e3o dos seus 30 anos. Temos um longo caminho a percorrer, com certeza. S\u00e3o muitas as frentes de trabalho que envolvem a gest\u00e3o dos recursos h\u00eddricos em dire\u00e7\u00e3o ao desenvolvimento sustent\u00e1vel, uma uni\u00e3o de esfor\u00e7os em prol da \u00e1gua, esse recurso natural que precisa do nosso cuidado e preserva\u00e7\u00e3o. Continuaremos unidos, munic\u00edpios, Comit\u00eas PCJ e Ag\u00eancia das Bacias PCJ, neste objetivo comum.<\/p>\n","protected":false},"excerpt":{"rendered":"<p>Considero 2023 um dos anos mais pr\u00f3digos dos Comit\u00eas PCJ e de seu bra\u00e7o executivo, a Ag\u00eancia das Bacias PCJ. Tivemos um volume de recursos [&hellip;]<\/p>\n","protected":false},"author":1,"featured_media":0,"parent":9,"menu_order":24,"comment_status":"closed","ping_status":"closed","template":"page-mensagem.php","meta":{"_acf_changed":false,"footnotes":""},"acf":[],"_links":{"self":[{"href":"https:\/\/agencia.baciaspcj.org.br\/institucional2023\/wp-json\/wp\/v2\/pages\/22"}],"collection":[{"href":"https:\/\/agencia.baciaspcj.org.br\/institucional2023\/wp-json\/wp\/v2\/pages"}],"about":[{"href":"https:\/\/agencia.baciaspcj.org.br\/institucional2023\/wp-json\/wp\/v2\/types\/page"}],"author":[{"embeddable":true,"href":"https:\/\/agencia.baciaspcj.org.br\/institucional2023\/wp-json\/wp\/v2\/users\/1"}],"replies":[{"embeddable":true,"href":"https:\/\/agencia.baciaspcj.org.br\/institucional2023\/wp-json\/wp\/v2\/comments?post=22"}],"version-history":[{"count":8,"href":"https:\/\/agencia.baciaspcj.org.br\/institucional2023\/wp-json\/wp\/v2\/pages\/22\/revisions"}],"predecessor-version":[{"id":817,"href":"https:\/\/agencia.baciaspcj.org.br\/institucional2023\/wp-json\/wp\/v2\/pages\/22\/revisions\/817"}],"up":[{"embeddable":true,"href":"https:\/\/agencia.baciaspcj.org.br\/institucional2023\/wp-json\/wp\/v2\/pages\/9"}],"wp:attachment":[{"href":"https:\/\/agencia.baciaspcj.org.br\/institucional2023\/wp-json\/wp\/v2\/media?parent=22"}],"curies":[{"name":"wp","href":"https:\/\/api.w.org\/{rel}","templated":true}]}}