{"id":20,"date":"2024-02-07T11:37:50","date_gmt":"2024-02-07T14:37:50","guid":{"rendered":"https:\/\/agencia.baciaspcj.org.br\/institucional2023\/?page_id=20"},"modified":"2024-04-26T11:29:18","modified_gmt":"2024-04-26T14:29:18","slug":"mensagem-da-agencia-das-bacias-pcj","status":"publish","type":"page","link":"https:\/\/agencia.baciaspcj.org.br\/institucional2023\/nossas-mensagens\/mensagem-da-agencia-das-bacias-pcj\/","title":{"rendered":"Mensagem da Ag\u00eancia das Bacias PCJ"},"content":{"rendered":"<p>Em 2023, quando os Comit\u00eas PCJ completaram tr\u00eas d\u00e9cadas de atua\u00e7\u00e3o, consolidamos nossa trajet\u00f3ria de grandes avan\u00e7os nas Bacias PCJ, com a participa\u00e7\u00e3o de muitos atores na continuidade da preserva\u00e7\u00e3o dos recursos h\u00eddricos.<\/p>\n<p>Todos os programas e iniciativas da Ag\u00eancia das Bacias PCJ s\u00e3o voltados a prover um sistema de informa\u00e7\u00f5es que d\u00ea condi\u00e7\u00f5es para o processo decis\u00f3rio. Afinal de contas, a disponibilidade de dados confi\u00e1veis para embasar defini\u00e7\u00f5es sobre o territ\u00f3rio \u00e9 de fundamental import\u00e2ncia nas quest\u00f5es relacionadas \u00e0s mudan\u00e7as clim\u00e1ticas, assunto que, a cada dia, ganha escala de urg\u00eancia. Vivemos tempos de eventos clim\u00e1ticos extremos &#8211; um per\u00edodo de seca, como o de 2014, pode voltar a ocorrer, ao mesmo tempo em que h\u00e1 preocupa\u00e7\u00f5es com a possibilidade de fortes enchentes.<\/p>\n<p>Atentos a este cen\u00e1rio, conclu\u00edmos a primeira fase do projeto M.A.R.U (Monitoramento de \u00c1guas Residuais Urbanas), em parceria com a ag\u00eancia francesa de \u00e1guas Loire-Bretagne, com o Escrit\u00f3rio Internacional de \u00c1guas e a Associa\u00e7\u00e3o Pr\u00f3-Gest\u00e3o das \u00c1guas da Bacia Hidrogr\u00e1fica do Rio Para\u00edba do Sul (AGEVAP). O trabalho levou tecnologia para o monitoramento de \u00e1guas aonde ainda n\u00e3o havia, como em pequenos rios. Isso imprime mais acuracidade aos dados, ao mesmo tempo em que apresenta informa\u00e7\u00f5es ainda mais transparentes e compreens\u00edveis para toda a sociedade. Imagens por sat\u00e9lite ou in loco, via sonda, tamb\u00e9m reduzem os custos do monitoramento, considerando a abrang\u00eancia das Bacias PCJ.<\/p>\n<p>Al\u00e9m disso, avan\u00e7amos na elabora\u00e7\u00e3o de dois estudos de suma import\u00e2ncia: os planos de macrodrenagem da Bacia do Rio Jundia\u00ed e da Bacia do Rio Capivari, este \u00faltimo, em fase de finaliza\u00e7\u00e3o. A partir desses planos, os munic\u00edpios poder\u00e3o tomar recursos para a elabora\u00e7\u00e3o de estudos em escala municipal, para o detalhamento das a\u00e7\u00f5es a serem realizadas, como obras de conten\u00e7\u00f5es, diques e barragens, por exemplo, no caso de enchentes.<\/p>\n<p>Foi um ano de muitos desafios, mas tamb\u00e9m de muitas conquistas. E, com certeza, n\u00e3o ter\u00edamos conseguido avan\u00e7ar tanto se n\u00e3o fosse o engajamento e dedica\u00e7\u00e3o do nosso time, que ganhou mais musculatura em 2023 \u2013 com novas contrata\u00e7\u00f5es, especialmente nas coordena\u00e7\u00f5es de Gest\u00e3o e Sistemas de Informa\u00e7\u00f5es. O desafio, agora, \u00e9 acelerar o projeto da nova sede para que possamos acomod\u00e1-los e proporcionar a esse time ainda mais qualidade no ambiente de trabalho.<\/p>\n<p>Muita coisa melhorou ao longo desses 30 anos, mas ainda h\u00e1 muito por se fazer. Precisamos melhorar o uso da \u00e1gua e verificar como reservar mais no per\u00edodo chuvoso, para poder usar nos momentos de seca. Ent\u00e3o, temos muita hist\u00f3ria ainda para construir e muita coisa para fazer. De todo modo, participar dessas tr\u00eas d\u00e9cadas dos Comit\u00eas PCJ foi, pessoalmente, muito prazeroso. Tivemos dificuldades, mas tamb\u00e9m muito estudo e debate. Aos poucos, criamos o que eu chamo de \u201cjeito PCJ\u201d de fazer a gest\u00e3o de recursos.<\/p>\n<p>(GRI 2-22)<\/p>\n","protected":false},"excerpt":{"rendered":"<p>Em 2023, quando os Comit\u00eas PCJ completaram tr\u00eas d\u00e9cadas de atua\u00e7\u00e3o, consolidamos nossa trajet\u00f3ria de grandes avan\u00e7os nas Bacias PCJ, com a participa\u00e7\u00e3o de muitos [&hellip;]<\/p>\n","protected":false},"author":1,"featured_media":0,"parent":9,"menu_order":14,"comment_status":"closed","ping_status":"closed","template":"page-mensagem.php","meta":{"_acf_changed":false,"footnotes":""},"acf":[],"_links":{"self":[{"href":"https:\/\/agencia.baciaspcj.org.br\/institucional2023\/wp-json\/wp\/v2\/pages\/20"}],"collection":[{"href":"https:\/\/agencia.baciaspcj.org.br\/institucional2023\/wp-json\/wp\/v2\/pages"}],"about":[{"href":"https:\/\/agencia.baciaspcj.org.br\/institucional2023\/wp-json\/wp\/v2\/types\/page"}],"author":[{"embeddable":true,"href":"https:\/\/agencia.baciaspcj.org.br\/institucional2023\/wp-json\/wp\/v2\/users\/1"}],"replies":[{"embeddable":true,"href":"https:\/\/agencia.baciaspcj.org.br\/institucional2023\/wp-json\/wp\/v2\/comments?post=20"}],"version-history":[{"count":7,"href":"https:\/\/agencia.baciaspcj.org.br\/institucional2023\/wp-json\/wp\/v2\/pages\/20\/revisions"}],"predecessor-version":[{"id":816,"href":"https:\/\/agencia.baciaspcj.org.br\/institucional2023\/wp-json\/wp\/v2\/pages\/20\/revisions\/816"}],"up":[{"embeddable":true,"href":"https:\/\/agencia.baciaspcj.org.br\/institucional2023\/wp-json\/wp\/v2\/pages\/9"}],"wp:attachment":[{"href":"https:\/\/agencia.baciaspcj.org.br\/institucional2023\/wp-json\/wp\/v2\/media?parent=20"}],"curies":[{"name":"wp","href":"https:\/\/api.w.org\/{rel}","templated":true}]}}