{"id":132,"date":"2024-02-26T18:31:00","date_gmt":"2024-02-26T21:31:00","guid":{"rendered":"https:\/\/agencia.baciaspcj.org.br\/institucional2023\/?page_id=132"},"modified":"2024-03-14T07:12:53","modified_gmt":"2024-03-14T10:12:53","slug":"home","status":"publish","type":"page","link":"https:\/\/agencia.baciaspcj.org.br\/institucional2023\/","title":{"rendered":"Home"},"content":{"rendered":"<h2>Sobre este relat\u00f3rio<\/h2>\n<p>Dando sequ\u00eancia ao exerc\u00edcio de transpar\u00eancia e presta\u00e7\u00e3o de contas, esta \u00e9 a sexta edi\u00e7\u00e3o do Relat\u00f3rio Institucional da Ag\u00eancia das Bacias PCJ, produzido segundo refer\u00eancias das Normas GRI Standards. Cada cap\u00edtulo traz os aspectos mais relevantes para direcionar a gest\u00e3o e a comunica\u00e7\u00e3o da Ag\u00eancia das Bacias PCJ, considerando o contexto e os impactos de cada tema material.<\/p>\n<p>Ao longo dos cap\u00edtulos, indicadores correspondentes a cada conte\u00fado est\u00e3o apontados com c\u00f3digos GRI (exemplo: 2-23) e os textos apresentam links como refer\u00eancia e\/ou sugest\u00f5es para aprofundamento de informa\u00e7\u00f5es.<\/p>\n<p>O ciclo a que se refere este relat\u00f3rio, publicado anualmente, \u00e9 do per\u00edodo de 1\u00ba de janeiro a 31 de dezembro de 2023.<\/p>\n<p>(GRI 2-2, 2-3)<\/p>\n","protected":false},"excerpt":{"rendered":"<p>O conte\u00fado<\/p>\n","protected":false},"author":1,"featured_media":337,"parent":0,"menu_order":4,"comment_status":"closed","ping_status":"closed","template":"index.php","meta":{"_acf_changed":false,"footnotes":""},"acf":[],"_links":{"self":[{"href":"https:\/\/agencia.baciaspcj.org.br\/institucional2023\/wp-json\/wp\/v2\/pages\/132"}],"collection":[{"href":"https:\/\/agencia.baciaspcj.org.br\/institucional2023\/wp-json\/wp\/v2\/pages"}],"about":[{"href":"https:\/\/agencia.baciaspcj.org.br\/institucional2023\/wp-json\/wp\/v2\/types\/page"}],"author":[{"embeddable":true,"href":"https:\/\/agencia.baciaspcj.org.br\/institucional2023\/wp-json\/wp\/v2\/users\/1"}],"replies":[{"embeddable":true,"href":"https:\/\/agencia.baciaspcj.org.br\/institucional2023\/wp-json\/wp\/v2\/comments?post=132"}],"version-history":[{"count":9,"href":"https:\/\/agencia.baciaspcj.org.br\/institucional2023\/wp-json\/wp\/v2\/pages\/132\/revisions"}],"predecessor-version":[{"id":486,"href":"https:\/\/agencia.baciaspcj.org.br\/institucional2023\/wp-json\/wp\/v2\/pages\/132\/revisions\/486"}],"wp:featuredmedia":[{"embeddable":true,"href":"https:\/\/agencia.baciaspcj.org.br\/institucional2023\/wp-json\/wp\/v2\/media\/337"}],"wp:attachment":[{"href":"https:\/\/agencia.baciaspcj.org.br\/institucional2023\/wp-json\/wp\/v2\/media?parent=132"}],"curies":[{"name":"wp","href":"https:\/\/api.w.org\/{rel}","templated":true}]}}