{"id":120,"date":"2024-02-26T17:43:01","date_gmt":"2024-02-26T20:43:01","guid":{"rendered":"https:\/\/agencia.baciaspcj.org.br\/institucional2023\/?page_id=120"},"modified":"2024-04-09T16:50:17","modified_gmt":"2024-04-09T19:50:17","slug":"desempenho-economico","status":"publish","type":"page","link":"https:\/\/agencia.baciaspcj.org.br\/institucional2023\/temas-materiais\/desempenho-economico\/","title":{"rendered":"Desempenho Econ\u00f4mico"},"content":{"rendered":"<h2>O real valor da \u00e1gua<\/h2>\n<p>A Cobran\u00e7a pelo Uso de Recursos H\u00eddricos \u00e9 um dos instrumentos de gest\u00e3o da Pol\u00edtica Nacional de Recursos H\u00eddricos (Lei Federal n\u00ba 9.433\/97) e tem como objetivo dar ao usu\u00e1rio uma indica\u00e7\u00e3o do real valor da \u00e1gua, incentivar o uso racional deste recurso e obter aporte financeiro para recupera\u00e7\u00e3o das bacias hidrogr\u00e1ficas. N\u00e3o se trata de um imposto, e sim, da remunera\u00e7\u00e3o pelo uso de um bem p\u00fablico, cujo pre\u00e7o \u00e9 fixado a partir da participa\u00e7\u00e3o dos usu\u00e1rios da \u00e1gua, da sociedade civil e do poder p\u00fablico no \u00e2mbito dos Comit\u00eas de Bacias Hidrogr\u00e1ficas.<\/p>\n<p>A CFURH foi institu\u00edda pela Constitui\u00e7\u00e3o Federal de 1988, em seu artigo 20, \u00a7 1\u00ba, e regulamentada pela Lei n\u00ba 7.990\/1989, e corresponde \u00e0 indeniza\u00e7\u00e3o aos Estados, ao Distrito Federal e aos Munic\u00edpios, bem como a \u00f3rg\u00e3os da administra\u00e7\u00e3o direta da Uni\u00e3o, pelo resultado da explora\u00e7\u00e3o de recursos h\u00eddricos para fins de gera\u00e7\u00e3o de energia el\u00e9trica. O ano de 1994 marcou o in\u00edcio da disponibiliza\u00e7\u00e3o de seus recursos financeiros.<\/p>\n<p>(GRI 3-3)<\/p>\n","protected":false},"excerpt":{"rendered":"<p>O real valor da \u00e1gua A Cobran\u00e7a pelo Uso de Recursos H\u00eddricos \u00e9 um dos instrumentos de gest\u00e3o da Pol\u00edtica Nacional de Recursos H\u00eddricos (Lei [&hellip;]<\/p>\n","protected":false},"author":1,"featured_media":0,"parent":13,"menu_order":16,"comment_status":"closed","ping_status":"closed","template":"page-desempenho.php","meta":{"_acf_changed":false,"footnotes":""},"acf":[],"_links":{"self":[{"href":"https:\/\/agencia.baciaspcj.org.br\/institucional2023\/wp-json\/wp\/v2\/pages\/120"}],"collection":[{"href":"https:\/\/agencia.baciaspcj.org.br\/institucional2023\/wp-json\/wp\/v2\/pages"}],"about":[{"href":"https:\/\/agencia.baciaspcj.org.br\/institucional2023\/wp-json\/wp\/v2\/types\/page"}],"author":[{"embeddable":true,"href":"https:\/\/agencia.baciaspcj.org.br\/institucional2023\/wp-json\/wp\/v2\/users\/1"}],"replies":[{"embeddable":true,"href":"https:\/\/agencia.baciaspcj.org.br\/institucional2023\/wp-json\/wp\/v2\/comments?post=120"}],"version-history":[{"count":47,"href":"https:\/\/agencia.baciaspcj.org.br\/institucional2023\/wp-json\/wp\/v2\/pages\/120\/revisions"}],"predecessor-version":[{"id":827,"href":"https:\/\/agencia.baciaspcj.org.br\/institucional2023\/wp-json\/wp\/v2\/pages\/120\/revisions\/827"}],"up":[{"embeddable":true,"href":"https:\/\/agencia.baciaspcj.org.br\/institucional2023\/wp-json\/wp\/v2\/pages\/13"}],"wp:attachment":[{"href":"https:\/\/agencia.baciaspcj.org.br\/institucional2023\/wp-json\/wp\/v2\/media?parent=120"}],"curies":[{"name":"wp","href":"https:\/\/api.w.org\/{rel}","templated":true}]}}