{"id":118,"date":"2024-02-26T17:42:46","date_gmt":"2024-02-26T20:42:46","guid":{"rendered":"https:\/\/agencia.baciaspcj.org.br\/institucional2023\/?page_id=118"},"modified":"2024-04-08T15:15:17","modified_gmt":"2024-04-08T18:15:17","slug":"impactos-economicos-indiretos","status":"publish","type":"page","link":"https:\/\/agencia.baciaspcj.org.br\/institucional2023\/temas-materiais\/impactos-economicos-indiretos\/","title":{"rendered":"Impactos Econ\u00f4micos Indiretos"},"content":{"rendered":"<p>Ao gerenciar os recursos financeiros das cobran\u00e7as pelo uso dos recursos h\u00eddricos, a Ag\u00eancia das Bacias PCJ assume importante papel na din\u00e2mica socioecon\u00f4mica da regi\u00e3o, j\u00e1 que o montante arrecadado \u00e9 direcionado para a implementa\u00e7\u00e3o de a\u00e7\u00f5es, previstas e priorizadas de acordo com o Plano das Bacias PCJ 2020 a 2035 e conforme o deliberado pelos Comit\u00eas PCJ, nas Bacias PCJ.<\/p>\n<p>Com os investimentos dos recursos financeiros provenientes das Cobran\u00e7as PCJ, verificou-se, nas Bacias PCJ, uma melhora significativa nos patamares do tratamento de esgoto, prote\u00e7\u00e3o e recupera\u00e7\u00e3o de mananciais, impulsionando direta e indiretamente a melhoria nas condi\u00e7\u00f5es de sa\u00fade, o desenvolvimento tecnol\u00f3gico na busca de melhores alternativas, o aumento nos postos de trabalho, a integra\u00e7\u00e3o e articula\u00e7\u00e3o institucional e a conscientiza\u00e7\u00e3o sobre o uso sustent\u00e1vel dos recursos naturais.<\/p>\n<p>(GRI 3-3)<\/p>\n","protected":false},"excerpt":{"rendered":"<p>Gera\u00e7\u00e3o de valor nas Bacias PCJ<\/p>\n","protected":false},"author":1,"featured_media":0,"parent":13,"menu_order":17,"comment_status":"closed","ping_status":"closed","template":"page-impactos.php","meta":{"_acf_changed":false,"footnotes":""},"acf":[],"_links":{"self":[{"href":"https:\/\/agencia.baciaspcj.org.br\/institucional2023\/wp-json\/wp\/v2\/pages\/118"}],"collection":[{"href":"https:\/\/agencia.baciaspcj.org.br\/institucional2023\/wp-json\/wp\/v2\/pages"}],"about":[{"href":"https:\/\/agencia.baciaspcj.org.br\/institucional2023\/wp-json\/wp\/v2\/types\/page"}],"author":[{"embeddable":true,"href":"https:\/\/agencia.baciaspcj.org.br\/institucional2023\/wp-json\/wp\/v2\/users\/1"}],"replies":[{"embeddable":true,"href":"https:\/\/agencia.baciaspcj.org.br\/institucional2023\/wp-json\/wp\/v2\/comments?post=118"}],"version-history":[{"count":19,"href":"https:\/\/agencia.baciaspcj.org.br\/institucional2023\/wp-json\/wp\/v2\/pages\/118\/revisions"}],"predecessor-version":[{"id":777,"href":"https:\/\/agencia.baciaspcj.org.br\/institucional2023\/wp-json\/wp\/v2\/pages\/118\/revisions\/777"}],"up":[{"embeddable":true,"href":"https:\/\/agencia.baciaspcj.org.br\/institucional2023\/wp-json\/wp\/v2\/pages\/13"}],"wp:attachment":[{"href":"https:\/\/agencia.baciaspcj.org.br\/institucional2023\/wp-json\/wp\/v2\/media?parent=118"}],"curies":[{"name":"wp","href":"https:\/\/api.w.org\/{rel}","templated":true}]}}