{"id":115,"date":"2024-02-26T17:42:22","date_gmt":"2024-02-26T20:42:22","guid":{"rendered":"https:\/\/agencia.baciaspcj.org.br\/institucional2023\/?page_id=115"},"modified":"2024-04-08T15:17:19","modified_gmt":"2024-04-08T18:17:19","slug":"praticas-de-compras","status":"publish","type":"page","link":"https:\/\/agencia.baciaspcj.org.br\/institucional2023\/temas-materiais\/praticas-de-compras\/","title":{"rendered":"Pr\u00e1ticas de Compras"},"content":{"rendered":"<p>A cadeia de fornecedores da Ag\u00eancia das Bacias PCJ \u00e9 formada, principalmente, por empresas prestadoras de servi\u00e7os, consultores e institui\u00e7\u00f5es de ensino e pesquisa. Os principais fornecedores atuam na presta\u00e7\u00e3o de servi\u00e7os especializados para a gest\u00e3o dos recursos h\u00eddricos e os contratos se d\u00e3o por processos de licita\u00e7\u00e3o para os quais s\u00e3o considerados crit\u00e9rios t\u00e9cnicos, administrativos e legais.<\/p>\n<p>Em fun\u00e7\u00e3o da obrigatoriedade ao atendimento da Lei de Licita\u00e7\u00e3o e Compras P\u00fablicas, se faz necess\u00e1ria ampla divulga\u00e7\u00e3o e a contrata\u00e7\u00e3o de fornecedores de diferentes localidades, e n\u00e3o exclusivamente locais.<\/p>\n<p>Para valores contratados at\u00e9 R$ 80 mil, a Ag\u00eancia das Bacias PCJ segue o que se estabelece no Art. 47 da Lei Complementar Federal n\u00ba 123\/2006, que permite, neste caso, o tratamento diferenciado e simplificado para as microempresas e empresas de pequeno porte. Com isso, a entidade contribui com o desenvolvimento econ\u00f4mico e social no \u00e2mbito municipal e regional, com a amplia\u00e7\u00e3o da efici\u00eancia das pol\u00edticas p\u00fablicas e o incentivo \u00e0 inova\u00e7\u00e3o tecnol\u00f3gica. (GRI 2-6, 3-3)<\/p>\n","protected":false},"excerpt":{"rendered":"<p>Gest\u00e3o de fornecedores na Ag\u00eancia das Bacias PCJ<\/p>\n","protected":false},"author":1,"featured_media":0,"parent":13,"menu_order":18,"comment_status":"closed","ping_status":"closed","template":"page-compras.php","meta":{"_acf_changed":false,"footnotes":""},"acf":[],"_links":{"self":[{"href":"https:\/\/agencia.baciaspcj.org.br\/institucional2023\/wp-json\/wp\/v2\/pages\/115"}],"collection":[{"href":"https:\/\/agencia.baciaspcj.org.br\/institucional2023\/wp-json\/wp\/v2\/pages"}],"about":[{"href":"https:\/\/agencia.baciaspcj.org.br\/institucional2023\/wp-json\/wp\/v2\/types\/page"}],"author":[{"embeddable":true,"href":"https:\/\/agencia.baciaspcj.org.br\/institucional2023\/wp-json\/wp\/v2\/users\/1"}],"replies":[{"embeddable":true,"href":"https:\/\/agencia.baciaspcj.org.br\/institucional2023\/wp-json\/wp\/v2\/comments?post=115"}],"version-history":[{"count":17,"href":"https:\/\/agencia.baciaspcj.org.br\/institucional2023\/wp-json\/wp\/v2\/pages\/115\/revisions"}],"predecessor-version":[{"id":781,"href":"https:\/\/agencia.baciaspcj.org.br\/institucional2023\/wp-json\/wp\/v2\/pages\/115\/revisions\/781"}],"up":[{"embeddable":true,"href":"https:\/\/agencia.baciaspcj.org.br\/institucional2023\/wp-json\/wp\/v2\/pages\/13"}],"wp:attachment":[{"href":"https:\/\/agencia.baciaspcj.org.br\/institucional2023\/wp-json\/wp\/v2\/media?parent=115"}],"curies":[{"name":"wp","href":"https:\/\/api.w.org\/{rel}","templated":true}]}}