{"id":113,"date":"2024-02-26T17:42:11","date_gmt":"2024-02-26T20:42:11","guid":{"rendered":"https:\/\/agencia.baciaspcj.org.br\/institucional2023\/?page_id=113"},"modified":"2024-04-08T15:18:29","modified_gmt":"2024-04-08T18:18:29","slug":"etica-e-integridade","status":"publish","type":"page","link":"https:\/\/agencia.baciaspcj.org.br\/institucional2023\/temas-materiais\/etica-e-integridade\/","title":{"rendered":"\u00c9tica e Integridade"},"content":{"rendered":"<h2>\u00c9tica, integridade e transpar\u00eancia<\/h2>\n<p>Como signat\u00e1ria do Pacto Global da ONU (2018), a Ag\u00eancia das Bacias PCJ refor\u00e7a seu compromisso com a \u00e9tica nos relacionamentos e com a transpar\u00eancia em sua atua\u00e7\u00e3o. Ao aderir ao Pacto Global, as organiza\u00e7\u00f5es assumem tamb\u00e9m a responsabilidade de apoiar o alcance dos Objetivos de Desenvolvimento Sustent\u00e1vel (ODS), que s\u00e3o o principal pilar da Agenda 2030 da ONU.<\/p>\n<p>O C\u00f3digo de \u00c9tica reflete a cultura comportamental adotada na institui\u00e7\u00e3o com base nas Declara\u00e7\u00f5es Corporativas (Miss\u00e3o, Vis\u00e3o e Valores) da Ag\u00eancia das Bacias PCJ. Seu principal objetivo \u00e9 apresentar os valores e as principais expectativas da entidade quanto ao cumprimento de a\u00e7\u00f5es e de rela\u00e7\u00f5es, tamb\u00e9m, baseadas em tais valores.<\/p>\n<p>(GRI 2-26, 3-3)<\/p>\n","protected":false},"excerpt":{"rendered":"<p>\u00c9tica, integridade e transpar\u00eancia Como signat\u00e1ria do Pacto Global da ONU (2018), a Ag\u00eancia das Bacias PCJ refor\u00e7a seu compromisso com a \u00e9tica nos relacionamentos [&hellip;]<\/p>\n","protected":false},"author":1,"featured_media":0,"parent":13,"menu_order":19,"comment_status":"closed","ping_status":"closed","template":"page-etica.php","meta":{"_acf_changed":false,"footnotes":""},"acf":[],"_links":{"self":[{"href":"https:\/\/agencia.baciaspcj.org.br\/institucional2023\/wp-json\/wp\/v2\/pages\/113"}],"collection":[{"href":"https:\/\/agencia.baciaspcj.org.br\/institucional2023\/wp-json\/wp\/v2\/pages"}],"about":[{"href":"https:\/\/agencia.baciaspcj.org.br\/institucional2023\/wp-json\/wp\/v2\/types\/page"}],"author":[{"embeddable":true,"href":"https:\/\/agencia.baciaspcj.org.br\/institucional2023\/wp-json\/wp\/v2\/users\/1"}],"replies":[{"embeddable":true,"href":"https:\/\/agencia.baciaspcj.org.br\/institucional2023\/wp-json\/wp\/v2\/comments?post=113"}],"version-history":[{"count":13,"href":"https:\/\/agencia.baciaspcj.org.br\/institucional2023\/wp-json\/wp\/v2\/pages\/113\/revisions"}],"predecessor-version":[{"id":785,"href":"https:\/\/agencia.baciaspcj.org.br\/institucional2023\/wp-json\/wp\/v2\/pages\/113\/revisions\/785"}],"up":[{"embeddable":true,"href":"https:\/\/agencia.baciaspcj.org.br\/institucional2023\/wp-json\/wp\/v2\/pages\/13"}],"wp:attachment":[{"href":"https:\/\/agencia.baciaspcj.org.br\/institucional2023\/wp-json\/wp\/v2\/media?parent=113"}],"curies":[{"name":"wp","href":"https:\/\/api.w.org\/{rel}","templated":true}]}}