{"id":110,"date":"2024-02-26T17:41:57","date_gmt":"2024-02-26T20:41:57","guid":{"rendered":"https:\/\/agencia.baciaspcj.org.br\/institucional2023\/?page_id=110"},"modified":"2024-04-08T15:19:39","modified_gmt":"2024-04-08T18:19:39","slug":"materiais","status":"publish","type":"page","link":"https:\/\/agencia.baciaspcj.org.br\/institucional2023\/temas-materiais\/materiais\/","title":{"rendered":"Materiais"},"content":{"rendered":"<h2>Consumo consciente<\/h2>\n<p>Desde a ades\u00e3o ao Programa A3P do Minist\u00e9rio do Meio Ambiente e Mudan\u00e7a do Clima (MMA), em 2018, a Ag\u00eancia das Bacias PCJ vem consolidando uma nova maneira de pensar e agir relacionada ao uso de materiais (em quantidade e tipo) em seus processos di\u00e1rios, a fim de reduzir o grau de depend\u00eancia dos recursos naturais.<\/p>\n<p>A institui\u00e7\u00e3o adota pr\u00e1ticas relacionadas ao consumo consciente, por meio de tr\u00eas dos seis eixos tem\u00e1ticos do Programa A3P: Eixo 1: Uso Racional dos recursos e bens naturais, Eixo 2: Gest\u00e3o Adequada dos res\u00edduos gerados e Eixo 5: Compras p\u00fablicas sustent\u00e1veis.<\/p>\n<p>(GRI 3-3)<\/p>\n","protected":false},"excerpt":{"rendered":"<p>Consumo consciente Desde a ades\u00e3o ao Programa A3P do Minist\u00e9rio do Meio Ambiente e Mudan\u00e7a do Clima (MMA), em 2018, a Ag\u00eancia das Bacias PCJ [&hellip;]<\/p>\n","protected":false},"author":1,"featured_media":0,"parent":13,"menu_order":20,"comment_status":"closed","ping_status":"closed","template":"page-materiais.php","meta":{"_acf_changed":false,"footnotes":""},"acf":[],"_links":{"self":[{"href":"https:\/\/agencia.baciaspcj.org.br\/institucional2023\/wp-json\/wp\/v2\/pages\/110"}],"collection":[{"href":"https:\/\/agencia.baciaspcj.org.br\/institucional2023\/wp-json\/wp\/v2\/pages"}],"about":[{"href":"https:\/\/agencia.baciaspcj.org.br\/institucional2023\/wp-json\/wp\/v2\/types\/page"}],"author":[{"embeddable":true,"href":"https:\/\/agencia.baciaspcj.org.br\/institucional2023\/wp-json\/wp\/v2\/users\/1"}],"replies":[{"embeddable":true,"href":"https:\/\/agencia.baciaspcj.org.br\/institucional2023\/wp-json\/wp\/v2\/comments?post=110"}],"version-history":[{"count":12,"href":"https:\/\/agencia.baciaspcj.org.br\/institucional2023\/wp-json\/wp\/v2\/pages\/110\/revisions"}],"predecessor-version":[{"id":789,"href":"https:\/\/agencia.baciaspcj.org.br\/institucional2023\/wp-json\/wp\/v2\/pages\/110\/revisions\/789"}],"up":[{"embeddable":true,"href":"https:\/\/agencia.baciaspcj.org.br\/institucional2023\/wp-json\/wp\/v2\/pages\/13"}],"wp:attachment":[{"href":"https:\/\/agencia.baciaspcj.org.br\/institucional2023\/wp-json\/wp\/v2\/media?parent=110"}],"curies":[{"name":"wp","href":"https:\/\/api.w.org\/{rel}","templated":true}]}}