{"id":108,"date":"2024-02-26T17:41:34","date_gmt":"2024-02-26T20:41:34","guid":{"rendered":"https:\/\/agencia.baciaspcj.org.br\/institucional2023\/?page_id=108"},"modified":"2024-04-08T15:11:55","modified_gmt":"2024-04-08T18:11:55","slug":"agua-efluentes-e-residuos","status":"publish","type":"page","link":"https:\/\/agencia.baciaspcj.org.br\/institucional2023\/temas-materiais\/agua-efluentes-e-residuos\/","title":{"rendered":"\u00c1gua, Efluentes e Res\u00edduos"},"content":{"rendered":"<p>Iniciativas para garantir quantidade e qualidade de \u00e1gua nas Bacias PCJ t\u00eam sido o enfoque da aplica\u00e7\u00e3o dos recursos provenientes das Cobran\u00e7as PCJ nos \u00faltimos anos. Com focos diversificados, as a\u00e7\u00f5es objetivam desde proteger as nascentes, reflorestar, coletar e tratar esgoto a combater as perdas de \u00e1gua nos 76 munic\u00edpios que integram as Bacias PCJ.<\/p>\n<p>A qualidade da \u00e1gua est\u00e1 diretamente ligada \u00e0 quantidade. \u00c0 medida que s\u00e3o produzidos res\u00edduos l\u00edquidos (esgoto dom\u00e9stico e efluentes da ind\u00fastria), \u00e9 necess\u00e1ria uma determinada quantidade de \u00e1gua para o tratamento. As capacidades de depura\u00e7\u00e3o dos rios, no entanto, s\u00e3o limitadas, o que leva os servi\u00e7os de \u00e1gua municipais a dispenderem valores substanciais para auxiliar no tratamento. O monitoramento, portanto, \u00e9 uma frente de a\u00e7\u00e3o essencial para buscar solu\u00e7\u00f5es focadas em processos de tratamento mais sustent\u00e1veis e garantir o abastecimento de \u00e1gua em qualidade e quantidade para a popula\u00e7\u00e3o.<\/p>\n<p>(GRI 3-3)<\/p>\n","protected":false},"excerpt":{"rendered":"<p>\u00c1gua em quantidade e qualidade<\/p>\n","protected":false},"author":1,"featured_media":0,"parent":13,"menu_order":21,"comment_status":"closed","ping_status":"closed","template":"page-aguas.php","meta":{"_acf_changed":false,"footnotes":""},"acf":[],"_links":{"self":[{"href":"https:\/\/agencia.baciaspcj.org.br\/institucional2023\/wp-json\/wp\/v2\/pages\/108"}],"collection":[{"href":"https:\/\/agencia.baciaspcj.org.br\/institucional2023\/wp-json\/wp\/v2\/pages"}],"about":[{"href":"https:\/\/agencia.baciaspcj.org.br\/institucional2023\/wp-json\/wp\/v2\/types\/page"}],"author":[{"embeddable":true,"href":"https:\/\/agencia.baciaspcj.org.br\/institucional2023\/wp-json\/wp\/v2\/users\/1"}],"replies":[{"embeddable":true,"href":"https:\/\/agencia.baciaspcj.org.br\/institucional2023\/wp-json\/wp\/v2\/comments?post=108"}],"version-history":[{"count":43,"href":"https:\/\/agencia.baciaspcj.org.br\/institucional2023\/wp-json\/wp\/v2\/pages\/108\/revisions"}],"predecessor-version":[{"id":768,"href":"https:\/\/agencia.baciaspcj.org.br\/institucional2023\/wp-json\/wp\/v2\/pages\/108\/revisions\/768"}],"up":[{"embeddable":true,"href":"https:\/\/agencia.baciaspcj.org.br\/institucional2023\/wp-json\/wp\/v2\/pages\/13"}],"wp:attachment":[{"href":"https:\/\/agencia.baciaspcj.org.br\/institucional2023\/wp-json\/wp\/v2\/media?parent=108"}],"curies":[{"name":"wp","href":"https:\/\/api.w.org\/{rel}","templated":true}]}}