{"id":106,"date":"2024-02-26T17:41:24","date_gmt":"2024-02-26T20:41:24","guid":{"rendered":"https:\/\/agencia.baciaspcj.org.br\/institucional2023\/?page_id=106"},"modified":"2024-04-26T11:34:35","modified_gmt":"2024-04-26T14:34:35","slug":"biodiversidade","status":"publish","type":"page","link":"https:\/\/agencia.baciaspcj.org.br\/institucional2023\/temas-materiais\/biodiversidade\/","title":{"rendered":"Biodiversidade"},"content":{"rendered":"<h2>Pol\u00edtica de Mananciais PCJ na pr\u00e1tica<\/h2>\n<p>A Pol\u00edtica de Recupera\u00e7\u00e3o, Conserva\u00e7\u00e3o e Prote\u00e7\u00e3o dos Mananciais dos Comit\u00eas PCJ, tamb\u00e9m chamada de Pol\u00edtica de Mananciais PCJ, estabelece diretrizes e instrumentos visando \u00e0 conserva\u00e7\u00e3o das \u00e1guas, recupera\u00e7\u00e3o e conserva\u00e7\u00e3o do solo e da vegeta\u00e7\u00e3o nativa na \u00e1rea que compreende as Bacias PCJ.<\/p>\n<p>A Ag\u00eancia das Bacias PCJ desenvolve a\u00e7\u00f5es e demandas relacionadas \u00e0 implementa\u00e7\u00e3o dessa Pol\u00edtica, sendo respons\u00e1vel por operacionalizar os processos de sele\u00e7\u00e3o de \u00e1reas e empreendimentos publicados periodicamente, para aplica\u00e7\u00e3o dos recursos oriundos das Cobran\u00e7as PCJ.<\/p>\n<p>(GRI 3-3, 304-3)<\/p>\n<p><a class=\"mais\" href=\"https:\/\/agencia.baciaspcj.org.br\/assessoria-ambiental\/politica-de-mananciais\/\" target=\"_blank\" rel=\"noopener\">Saiba mais<\/a><\/p>\n","protected":false},"excerpt":{"rendered":"<p>Pol\u00edtica de Mananciais PCJ na pr\u00e1tica A Pol\u00edtica de Recupera\u00e7\u00e3o, Conserva\u00e7\u00e3o e Prote\u00e7\u00e3o dos Mananciais dos Comit\u00eas PCJ, tamb\u00e9m chamada de Pol\u00edtica de Mananciais PCJ, [&hellip;]<\/p>\n","protected":false},"author":1,"featured_media":0,"parent":13,"menu_order":22,"comment_status":"closed","ping_status":"closed","template":"page-biodiversidade.php","meta":{"_acf_changed":false,"footnotes":""},"acf":[],"_links":{"self":[{"href":"https:\/\/agencia.baciaspcj.org.br\/institucional2023\/wp-json\/wp\/v2\/pages\/106"}],"collection":[{"href":"https:\/\/agencia.baciaspcj.org.br\/institucional2023\/wp-json\/wp\/v2\/pages"}],"about":[{"href":"https:\/\/agencia.baciaspcj.org.br\/institucional2023\/wp-json\/wp\/v2\/types\/page"}],"author":[{"embeddable":true,"href":"https:\/\/agencia.baciaspcj.org.br\/institucional2023\/wp-json\/wp\/v2\/users\/1"}],"replies":[{"embeddable":true,"href":"https:\/\/agencia.baciaspcj.org.br\/institucional2023\/wp-json\/wp\/v2\/comments?post=106"}],"version-history":[{"count":36,"href":"https:\/\/agencia.baciaspcj.org.br\/institucional2023\/wp-json\/wp\/v2\/pages\/106\/revisions"}],"predecessor-version":[{"id":819,"href":"https:\/\/agencia.baciaspcj.org.br\/institucional2023\/wp-json\/wp\/v2\/pages\/106\/revisions\/819"}],"up":[{"embeddable":true,"href":"https:\/\/agencia.baciaspcj.org.br\/institucional2023\/wp-json\/wp\/v2\/pages\/13"}],"wp:attachment":[{"href":"https:\/\/agencia.baciaspcj.org.br\/institucional2023\/wp-json\/wp\/v2\/media?parent=106"}],"curies":[{"name":"wp","href":"https:\/\/api.w.org\/{rel}","templated":true}]}}