{"id":102,"date":"2024-02-26T17:41:00","date_gmt":"2024-02-26T20:41:00","guid":{"rendered":"https:\/\/agencia.baciaspcj.org.br\/institucional2023\/?page_id=102"},"modified":"2024-04-08T15:24:17","modified_gmt":"2024-04-08T18:24:17","slug":"comunidades-locais","status":"publish","type":"page","link":"https:\/\/agencia.baciaspcj.org.br\/institucional2023\/temas-materiais\/comunidades-locais\/","title":{"rendered":"Comunidades Locais"},"content":{"rendered":"<p>Os principais objetivos do relacionamento da Ag\u00eancia das Bacias PCJ com seus <em>stakeholders<\/em> s\u00e3o garantir o aprimoramento da gest\u00e3o de recursos h\u00eddricos por meio do modelo participativo, a presta\u00e7\u00e3o de contas de forma transparente e a melhoria da qualidade de vida da sociedade.<\/p>\n<p>S\u00e3o eles: \u00f3rg\u00e3os de Governo \u2013 estadual, municipal e federal -, Minist\u00e9rio P\u00fablico, \u00f3rg\u00e3os de controle externo, sociedade civil, usu\u00e1rios de recursos h\u00eddricos, Comit\u00eas PCJ, colaboradores, fornecedores, produtores rurais e prestadores de servi\u00e7o, m\u00eddia, outros entes dos Sistemas de Gerenciamento de Recursos H\u00eddricos e demais parceiros.<\/p>\n<p>O produtor rural, por exemplo, \u00e9 um ator fundamental para a manuten\u00e7\u00e3o e a amplia\u00e7\u00e3o das fontes de \u00e1gua nas Bacias PCJ. Ao adotar boas pr\u00e1ticas agropecu\u00e1rias e de manejo sustent\u00e1vel dos recursos naturais, contribui para garantir a disponibilidade de recursos h\u00eddricos para suas pr\u00f3prias necessidades e tamb\u00e9m para a sustentabilidade h\u00eddrica.<\/p>\n<p>(GRI 2-29)<\/p>\n","protected":false},"excerpt":{"rendered":"<p>Gest\u00e3o participativa<\/p>\n","protected":false},"author":1,"featured_media":0,"parent":13,"menu_order":25,"comment_status":"closed","ping_status":"closed","template":"page-comunidades.php","meta":{"_acf_changed":false,"footnotes":""},"acf":[],"_links":{"self":[{"href":"https:\/\/agencia.baciaspcj.org.br\/institucional2023\/wp-json\/wp\/v2\/pages\/102"}],"collection":[{"href":"https:\/\/agencia.baciaspcj.org.br\/institucional2023\/wp-json\/wp\/v2\/pages"}],"about":[{"href":"https:\/\/agencia.baciaspcj.org.br\/institucional2023\/wp-json\/wp\/v2\/types\/page"}],"author":[{"embeddable":true,"href":"https:\/\/agencia.baciaspcj.org.br\/institucional2023\/wp-json\/wp\/v2\/users\/1"}],"replies":[{"embeddable":true,"href":"https:\/\/agencia.baciaspcj.org.br\/institucional2023\/wp-json\/wp\/v2\/comments?post=102"}],"version-history":[{"count":26,"href":"https:\/\/agencia.baciaspcj.org.br\/institucional2023\/wp-json\/wp\/v2\/pages\/102\/revisions"}],"predecessor-version":[{"id":801,"href":"https:\/\/agencia.baciaspcj.org.br\/institucional2023\/wp-json\/wp\/v2\/pages\/102\/revisions\/801"}],"up":[{"embeddable":true,"href":"https:\/\/agencia.baciaspcj.org.br\/institucional2023\/wp-json\/wp\/v2\/pages\/13"}],"wp:attachment":[{"href":"https:\/\/agencia.baciaspcj.org.br\/institucional2023\/wp-json\/wp\/v2\/media?parent=102"}],"curies":[{"name":"wp","href":"https:\/\/api.w.org\/{rel}","templated":true}]}}