{"id":100,"date":"2024-02-26T17:40:51","date_gmt":"2024-02-26T20:40:51","guid":{"rendered":"https:\/\/agencia.baciaspcj.org.br\/institucional2023\/?page_id=100"},"modified":"2024-04-08T15:25:20","modified_gmt":"2024-04-08T18:25:20","slug":"politicas-publicas","status":"publish","type":"page","link":"https:\/\/agencia.baciaspcj.org.br\/institucional2023\/temas-materiais\/politicas-publicas\/","title":{"rendered":"Pol\u00edticas P\u00fablicas"},"content":{"rendered":"<p>Por meio de colegiados (como os Comit\u00eas PCJ), a comunidade, representada por diversos segmentos do uso da \u00e1gua, passou a opinar e contribuir nas pactua\u00e7\u00f5es e tomadas de decis\u00e3o visando \u00e0 garantia da \u00e1gua em qualidade e quantidade para todos.<\/p>\n<p>O modelo de gest\u00e3o de recursos h\u00eddricos de forma descentralizada e participativa, adotado ap\u00f3s a Constitui\u00e7\u00e3o Federal de 1988 e ap\u00f3s as constitui\u00e7\u00f5es estaduais no ano seguinte, permitiu a participa\u00e7\u00e3o de v\u00e1rios atores na gest\u00e3o das \u00e1guas de bacias hidrogr\u00e1ficas.<\/p>\n<p>Parte importante da rela\u00e7\u00e3o da Ag\u00eancia das Bacias PCJ com as pol\u00edticas de recursos h\u00eddricos \u00e9 a de operacionalizar iniciativas voltadas ao planejamento para os munic\u00edpios das Bacias PCJ e fomentar discuss\u00f5es importantes para o setor, como o combate \u00e0s perdas e remo\u00e7\u00e3o de cargas poluidoras.<\/p>\n<p>(GRI 3-3)<\/p>\n","protected":false},"excerpt":{"rendered":"<p>Sociedade representada<\/p>\n","protected":false},"author":1,"featured_media":0,"parent":13,"menu_order":26,"comment_status":"closed","ping_status":"closed","template":"page-politicas.php","meta":{"_acf_changed":false,"footnotes":""},"acf":[],"_links":{"self":[{"href":"https:\/\/agencia.baciaspcj.org.br\/institucional2023\/wp-json\/wp\/v2\/pages\/100"}],"collection":[{"href":"https:\/\/agencia.baciaspcj.org.br\/institucional2023\/wp-json\/wp\/v2\/pages"}],"about":[{"href":"https:\/\/agencia.baciaspcj.org.br\/institucional2023\/wp-json\/wp\/v2\/types\/page"}],"author":[{"embeddable":true,"href":"https:\/\/agencia.baciaspcj.org.br\/institucional2023\/wp-json\/wp\/v2\/users\/1"}],"replies":[{"embeddable":true,"href":"https:\/\/agencia.baciaspcj.org.br\/institucional2023\/wp-json\/wp\/v2\/comments?post=100"}],"version-history":[{"count":22,"href":"https:\/\/agencia.baciaspcj.org.br\/institucional2023\/wp-json\/wp\/v2\/pages\/100\/revisions"}],"predecessor-version":[{"id":805,"href":"https:\/\/agencia.baciaspcj.org.br\/institucional2023\/wp-json\/wp\/v2\/pages\/100\/revisions\/805"}],"up":[{"embeddable":true,"href":"https:\/\/agencia.baciaspcj.org.br\/institucional2023\/wp-json\/wp\/v2\/pages\/13"}],"wp:attachment":[{"href":"https:\/\/agencia.baciaspcj.org.br\/institucional2023\/wp-json\/wp\/v2\/media?parent=100"}],"curies":[{"name":"wp","href":"https:\/\/api.w.org\/{rel}","templated":true}]}}